{"id":1453,"date":"2021-12-30T12:41:38","date_gmt":"2021-12-30T12:41:38","guid":{"rendered":"https:\/\/aretefilm.com.tr\/?page_id=1453"},"modified":"2021-12-30T12:42:40","modified_gmt":"2021-12-30T12:42:40","slug":"about-us","status":"publish","type":"page","link":"https:\/\/aretefilm.com\/index.php\/about-us\/","title":{"rendered":"About Us"},"content":{"rendered":"\n<p class=\"has-text-align-center\">Arete anlamca; Bir \u015feyin yetkinli\u011fidir. Kendisine uygun olan i\u015fi yapana, yapt\u0131\u011f\u0131 i\u015fte ger\u00e7ek amac\u0131na eri\u015fene \u201cAretesi olan\u201d denir. \u00d6rne\u011fin b\u0131\u00e7a\u011f\u0131n aretesi iyi kesmektir \u00e7\u00fcnk\u00fc b\u0131\u00e7ak bu i\u015f i\u00e7in imal edilmi\u015ftir.<\/p>\n\n\n\n<p class=\"has-text-align-center\">Arete film bu anlay\u0131\u015ftan hareketle \u00fcstlendi\u011fi misyon, anlay\u0131\u015f ve vizyonu ile 15 y\u0131ll\u0131k sekt\u00f6rel tecr\u00fcbeye sahip ki\u015filerce kurulmu\u015f bir yap\u0131m \u015firketidir. Arete Film alan\u0131nda pek \u00e7ok ba\u015far\u0131l\u0131 projeye imzas\u0131n\u0131 atm\u0131\u015f, Global tecr\u00fcbesi olan \u00e7al\u0131\u015fma arkada\u015flar\u0131na sahiptir. Sayg\u0131n markalar\u0131n b\u00fcy\u00fck projelerinde yer alan Arete; yapt\u0131\u011f\u0131 prod\u00fcksiyonlarla g\u00fcvenilir bir marka olmay\u0131 ba\u015farm\u0131\u015ft\u0131r. Projelerini d\u00fcnyan\u0131n en ileri teknolojik ekipmanlar\u0131n\u0131 kullanarak hayata ge\u00e7iren ve sekt\u00f6r\u00fcnde ki t\u00fcm yenilikleri yak\u0131ndan takip eden<\/p>\n\n\n\n<p class=\"has-text-align-center\">Arete Film, Alan\u0131n\u0131n deneyimli ve ba\u015far\u0131l\u0131 isimleriyle \u00e7al\u0131\u015f\u0131r. Post-prod\u00fcksiyon s\u00fcrecini \u00fcretti\u011fi i\u015fte \u00f6nemli bir kriter olarak kabul eder ve bu alanda ki \u00e7\u00f6z\u00fcm ortaklar\u0131n\u0131 bu kriter \u00fczerinden belirler.<\/p>\n\n\n\n<p class=\"has-text-align-center\">\u0130\u00e7inde bulundu\u011fu projelerin t\u00fcm sorumluluklar\u0131n\u0131 \u00fcstlenen, her zaman sonu\u00e7 odakl\u0131 \u00e7al\u0131\u015fan, \u00f6zenli ve disiplinli \u00e7al\u0131\u015fma felsefesini temel ba\u015fl\u0131klar\u0131 olarak kabul eder.<\/p>\n\n\n\n<p class=\"has-text-align-center\">Arete Film, t\u00fcm \u00e7evrelerin takdirini kazanan referans i\u015flere imza atar.<\/p>\n","protected":false},"excerpt":{"rendered":"<p>Arete anlamca; Bir \u015feyin yetkinli\u011fidir. Kendisine uygun olan i\u015fi yapana, yapt\u0131\u011f\u0131 i\u015fte ger\u00e7ek amac\u0131na eri\u015fene \u201cAretesi olan\u201d denir. \u00d6rne\u011fin b\u0131\u00e7a\u011f\u0131n aretesi iyi kesmektir \u00e7\u00fcnk\u00fc b\u0131\u00e7ak bu i\u015f i\u00e7in imal edilmi\u015ftir. Arete film bu anlay\u0131\u015ftan hareketle \u00fcstlendi\u011fi misyon, anlay\u0131\u015f ve vizyonu ile 15 y\u0131ll\u0131k sekt\u00f6rel tecr\u00fcbeye sahip ki\u015filerce kurulmu\u015f bir yap\u0131m \u015firketidir. Arete Film alan\u0131nda pek [&hellip;]<\/p>\n","protected":false},"author":1,"featured_media":0,"parent":0,"menu_order":0,"comment_status":"closed","ping_status":"closed","template":"","meta":{"__cvm_playback_settings":[],"__cvm_video_id":"","footnotes":""},"class_list":["post-1453","page","type-page","status-publish","hentry"],"_links":{"self":[{"href":"https:\/\/aretefilm.com\/index.php\/wp-json\/wp\/v2\/pages\/1453","targetHints":{"allow":["GET"]}}],"collection":[{"href":"https:\/\/aretefilm.com\/index.php\/wp-json\/wp\/v2\/pages"}],"about":[{"href":"https:\/\/aretefilm.com\/index.php\/wp-json\/wp\/v2\/types\/page"}],"author":[{"embeddable":true,"href":"https:\/\/aretefilm.com\/index.php\/wp-json\/wp\/v2\/users\/1"}],"replies":[{"embeddable":true,"href":"https:\/\/aretefilm.com\/index.php\/wp-json\/wp\/v2\/comments?post=1453"}],"version-history":[{"count":3,"href":"https:\/\/aretefilm.com\/index.php\/wp-json\/wp\/v2\/pages\/1453\/revisions"}],"predecessor-version":[{"id":1456,"href":"https:\/\/aretefilm.com\/index.php\/wp-json\/wp\/v2\/pages\/1453\/revisions\/1456"}],"wp:attachment":[{"href":"https:\/\/aretefilm.com\/index.php\/wp-json\/wp\/v2\/media?parent=1453"}],"curies":[{"name":"wp","href":"https:\/\/api.w.org\/{rel}","templated":true}]}}